{"id":601,"date":"2021-07-14T09:37:29","date_gmt":"2021-07-14T09:37:29","guid":{"rendered":"https:\/\/webnroll.es\/lili\/?page_id=601"},"modified":"2021-10-05T09:10:02","modified_gmt":"2021-10-05T09:10:02","slug":"contacto","status":"publish","type":"page","link":"https:\/\/menarilifecoach.com\/index.php\/contacto\/","title":{"rendered":"Contacto"},"content":{"rendered":"\t\t<div data-elementor-type=\"wp-page\" data-elementor-id=\"601\" class=\"elementor elementor-601\" data-elementor-settings=\"[]\">\n\t\t\t\t\t\t\t<div class=\"elementor-section-wrap\">\n\t\t\t\t\t\t\t<section class=\"elementor-section elementor-top-section elementor-element elementor-element-e3b783f elementor-section-boxed elementor-section-height-default elementor-section-height-default\" data-id=\"e3b783f\" data-element_type=\"section\">\r\n\t\t\t\r\n\t\t\t\t\t\t\t\t\t<div class=\"elementor-container elementor-column-gap-default\">\r\n\t\t\t\t\t\t\t\t\t\t\t<div class=\"elementor-column elementor-col-100 elementor-top-column elementor-element elementor-element-3085438\" data-id=\"3085438\" data-element_type=\"column\">\n\t\t\t<div class=\"elementor-widget-wrap elementor-element-populated\">\n\t\t\t\t\t\t\t\t<div class=\"elementor-element elementor-element-a38818e elementor-widget elementor-widget-text-editor\" data-id=\"a38818e\" data-element_type=\"widget\" data-widget_type=\"text-editor.default\">\n\t\t\t\t<div class=\"elementor-widget-container\">\n\t\t\t\t\t\t\t\t<p style=\"text-align: center;\">Cada ma\u00f1ana tienes dos opciones: seguir quejandote de la vida o hacer algo para cambiarla!.. para! detente!&#8230; preg\u00fantate si lo que est\u00e1s haciendo hoy te hacerca al lugar en el que quieres estar ma\u00f1ana?&#8230; si tu respuesta es no, reflexiona y act\u00faa&#8230; ahora es el\u00a0 momento de cambiar el rumbo y comenzar a cumplir objetivos,\u00a0 da el paso a la acci\u00f3n&#8230; yo te acompa\u00f1o en el proceso y t\u00fa obtendr\u00e1s resultados.\u00a0<\/p>\t\t\t\t\t\t<\/div>\n\t\t\t\t<\/div>\n\t\t\t\t\t<\/div>\n\t\t<\/div>\n\t\t\t\t\t\t<\/div>\r\n\t\t\t\t<\/section>\r\n\t\t\t\t<section class=\"elementor-section elementor-top-section elementor-element elementor-element-0b0c7ef elementor-section-content-middle elementor-section-boxed elementor-section-height-default elementor-section-height-default\" data-id=\"0b0c7ef\" data-element_type=\"section\">\r\n\t\t\t\r\n\t\t\t\t\t\t\t\t\t<div class=\"elementor-container elementor-column-gap-default\">\r\n\t\t\t\t\t\t\t\t\t\t\t<div class=\"elementor-column elementor-col-50 elementor-top-column elementor-element elementor-element-9d3a195\" data-id=\"9d3a195\" data-element_type=\"column\">\n\t\t\t<div class=\"elementor-widget-wrap elementor-element-populated\">\n\t\t\t\t\t\t\t\t<div class=\"elementor-element elementor-element-309ca86 elementor-widget elementor-widget-heading\" data-id=\"309ca86\" data-element_type=\"widget\" data-widget_type=\"heading.default\">\n\t\t\t\t<div class=\"elementor-widget-container\">\n\t\t\t<h2 class=\"elementor-heading-title elementor-size-default\">Datos de contacto:<\/h2>\t\t<\/div>\n\t\t\t\t<\/div>\n\t\t\t\t<div class=\"elementor-element elementor-element-4381257 elementor-widget elementor-widget-text-editor\" data-id=\"4381257\" data-element_type=\"widget\" data-widget_type=\"text-editor.default\">\n\t\t\t\t<div class=\"elementor-widget-container\">\n\t\t\t\t\t\t\t\t<h3>Telf. +34 650 732 944<\/h3><h3>menarilifecoach@outlook.com<\/h3>\t\t\t\t\t\t<\/div>\n\t\t\t\t<\/div>\n\t\t\t\t<div class=\"elementor-element elementor-element-9d84f88 e-grid-align-left elementor-shape-rounded elementor-grid-0 elementor-widget elementor-widget-social-icons\" data-id=\"9d84f88\" data-element_type=\"widget\" data-widget_type=\"social-icons.default\">\n\t\t\t\t<div class=\"elementor-widget-container\">\n\t\t\t\t\t<div class=\"elementor-social-icons-wrapper elementor-grid\">\n\t\t\t\t\t\t\t<div class=\"elementor-grid-item\">\n\t\t\t\t\t<a class=\"elementor-icon elementor-social-icon elementor-social-icon-linkedin elementor-repeater-item-71f56a7\" href=\"https:\/\/es.linkedin.com\/in\/silvia-lillianna-m%C3%A9ndez-arias-30787130\" target=\"_blank\">\n\t\t\t\t\t\t<span class=\"elementor-screen-only\">Linkedin<\/span>\n\t\t\t\t\t\t<i class=\"fab fa-linkedin\"><\/i>\t\t\t\t\t<\/a>\n\t\t\t\t<\/div>\n\t\t\t\t\t<\/div>\n\t\t\t\t<\/div>\n\t\t\t\t<\/div>\n\t\t\t\t\t<\/div>\n\t\t<\/div>\n\t\t\t\t<div class=\"elementor-column elementor-col-50 elementor-top-column elementor-element elementor-element-7ad0dbd\" data-id=\"7ad0dbd\" data-element_type=\"column\">\n\t\t\t<div class=\"elementor-widget-wrap elementor-element-populated\">\n\t\t\t\t\t\t\t\t<div class=\"elementor-element elementor-element-e6cd840 elementor-widget elementor-widget-image\" data-id=\"e6cd840\" data-element_type=\"widget\" data-widget_type=\"image.default\">\n\t\t\t\t<div class=\"elementor-widget-container\">\n\t\t\t\t\t\t\t\t\t\t\t\t\t\t\t<img width=\"1024\" height=\"683\" src=\"https:\/\/menarilifecoach.com\/wp-content\/uploads\/2021\/07\/1626257438452-1024x683.jpg\" class=\"attachment-large size-large\" alt=\"\" loading=\"lazy\" srcset=\"https:\/\/menarilifecoach.com\/wp-content\/uploads\/2021\/07\/1626257438452-1024x683.jpg 1024w, https:\/\/menarilifecoach.com\/wp-content\/uploads\/2021\/07\/1626257438452-768x512.jpg 768w, https:\/\/menarilifecoach.com\/wp-content\/uploads\/2021\/07\/1626257438452-640x427.jpg 640w, https:\/\/menarilifecoach.com\/wp-content\/uploads\/2021\/07\/1626257438452-400x267.jpg 400w\" sizes=\"(max-width: 1024px) 100vw, 1024px\" \/>\t\t\t\t\t\t\t\t\t\t\t\t\t\t\t<\/div>\n\t\t\t\t<\/div>\n\t\t\t\t\t<\/div>\n\t\t<\/div>\n\t\t\t\t\t\t<\/div>\r\n\t\t\t\t<\/section>\r\n\t\t\t\t\t\t<\/div>\n\t\t\t\t\t<\/div>\n\t\t","protected":false},"excerpt":{"rendered":"<p>Cada ma\u00f1ana tienes dos opciones: seguir quejandote de la vida o hacer algo para cambiarla!.. para! detente!&#8230; preg\u00fantate si lo que est\u00e1s haciendo hoy te hacerca al lugar en el que quieres estar ma\u00f1ana?&#8230; si tu respuesta es no, reflexiona y act\u00faa&#8230; ahora es el\u00a0 momento de cambiar el rumbo y comenzar a cumplir objetivos,\u00a0 [&hellip;]<\/p>\n","protected":false},"author":1,"featured_media":0,"parent":0,"menu_order":0,"comment_status":"closed","ping_status":"closed","template":"elementor_header_footer","meta":[],"_links":{"self":[{"href":"https:\/\/menarilifecoach.com\/index.php\/wp-json\/wp\/v2\/pages\/601"}],"collection":[{"href":"https:\/\/menarilifecoach.com\/index.php\/wp-json\/wp\/v2\/pages"}],"about":[{"href":"https:\/\/menarilifecoach.com\/index.php\/wp-json\/wp\/v2\/types\/page"}],"author":[{"embeddable":true,"href":"https:\/\/menarilifecoach.com\/index.php\/wp-json\/wp\/v2\/users\/1"}],"replies":[{"embeddable":true,"href":"https:\/\/menarilifecoach.com\/index.php\/wp-json\/wp\/v2\/comments?post=601"}],"version-history":[{"count":32,"href":"https:\/\/menarilifecoach.com\/index.php\/wp-json\/wp\/v2\/pages\/601\/revisions"}],"predecessor-version":[{"id":779,"href":"https:\/\/menarilifecoach.com\/index.php\/wp-json\/wp\/v2\/pages\/601\/revisions\/779"}],"wp:attachment":[{"href":"https:\/\/menarilifecoach.com\/index.php\/wp-json\/wp\/v2\/media?parent=601"}],"curies":[{"name":"wp","href":"https:\/\/api.w.org\/{rel}","templated":true}]}}